{"id":112,"date":"2022-12-05T21:05:07","date_gmt":"2022-12-05T21:05:07","guid":{"rendered":"https:\/\/www.tanjaknoblauch.com\/?page_id=112"},"modified":"2023-01-16T10:44:45","modified_gmt":"2023-01-16T10:44:45","slug":"unterricht","status":"publish","type":"page","link":"https:\/\/www.tanjaknoblauch.com\/index.php\/unterricht\/","title":{"rendered":"Unterricht"},"content":{"rendered":"\n<p class=\"has-white-color has-text-color\">Die Gitarre ist mein Element. Gerne gebe ich mein Wissen in Einzel- und Gruppenunterricht weiter. Pers\u00f6nlich im Umkreis von Solothurn (Schweiz). Neben den Einzelstunden gibt es bei mir auch die M\u00f6glichkeit, Unterrichtspakete zum verg\u00fcnstigten Preis zu nehmen. F\u00fcr mehr Informationen zum Unterricht meldet euch bitte per Mail.<\/p>\n","protected":false},"excerpt":{"rendered":"<p>Die Gitarre ist mein Element. Gerne gebe ich mein Wissen in Einzel- und Gruppenunterricht weiter. Pers\u00f6nlich im Umkreis von Solothurn (Schweiz). Neben den Einzelstunden gibt es bei mir auch die M\u00f6glichkeit, Unterrichtspakete zum verg\u00fcnstigten Preis zu nehmen. F\u00fcr mehr Informationen zum Unterricht meldet euch bitte per Mail.<\/p>\n","protected":false},"author":1,"featured_media":0,"parent":0,"menu_order":0,"comment_status":"closed","ping_status":"closed","template":"","meta":{"footnotes":""},"class_list":["post-112","page","type-page","status-publish","hentry"],"_links":{"self":[{"href":"https:\/\/www.tanjaknoblauch.com\/index.php\/wp-json\/wp\/v2\/pages\/112","targetHints":{"allow":["GET"]}}],"collection":[{"href":"https:\/\/www.tanjaknoblauch.com\/index.php\/wp-json\/wp\/v2\/pages"}],"about":[{"href":"https:\/\/www.tanjaknoblauch.com\/index.php\/wp-json\/wp\/v2\/types\/page"}],"author":[{"embeddable":true,"href":"https:\/\/www.tanjaknoblauch.com\/index.php\/wp-json\/wp\/v2\/users\/1"}],"replies":[{"embeddable":true,"href":"https:\/\/www.tanjaknoblauch.com\/index.php\/wp-json\/wp\/v2\/comments?post=112"}],"version-history":[{"count":3,"href":"https:\/\/www.tanjaknoblauch.com\/index.php\/wp-json\/wp\/v2\/pages\/112\/revisions"}],"predecessor-version":[{"id":125,"href":"https:\/\/www.tanjaknoblauch.com\/index.php\/wp-json\/wp\/v2\/pages\/112\/revisions\/125"}],"wp:attachment":[{"href":"https:\/\/www.tanjaknoblauch.com\/index.php\/wp-json\/wp\/v2\/media?parent=112"}],"curies":[{"name":"wp","href":"https:\/\/api.w.org\/{rel}","templated":true}]}}